{"id":1086,"date":"2025-07-10T10:37:05","date_gmt":"2025-07-10T08:37:05","guid":{"rendered":"https:\/\/mazelandbenidorm.es\/?post_type=product&#038;p=1086"},"modified":"2025-07-22T11:58:36","modified_gmt":"2025-07-22T09:58:36","slug":"entrada-ninos","status":"publish","type":"product","link":"https:\/\/mazelandbenidorm.es\/en\/product\/entrada-ninos\/","title":{"rendered":"Children's ticket"},"content":{"rendered":"<div class=\"elementor-element elementor-element-2e7fec5 e-con-full e-flex e-con e-child\" data-id=\"2e7fec5\" data-element_type=\"container\" data-settings=\"{&quot;background_background&quot;:&quot;classic&quot;}\">\n<div class=\"elementor-element elementor-element-95d6752 elementor-widget elementor-widget-text-editor\" data-id=\"95d6752\" data-element_type=\"widget\" data-widget_type=\"text-editor.default\">\n<div class=\"elementor-widget-container\">\n<p><strong>Mazeland<\/strong>, un espacio \u00fanico en el coraz\u00f3n de la Costa Blanca, dise\u00f1ado para ofrecer una experiencia inolvidable a toda la familia. Con dos parcelas de 5,000 m\u00b2 cada una, <strong>Mazeland<\/strong> combina la emoci\u00f3n de un intrincado laberinto vegetal con un jard\u00edn de cactus, bancales restaurados y una cafeter\u00eda panor\u00e1mica. Todo ello, sostenido por un modelo de negocio autosuficiente gracias a nuestro pozo propio y paneles solares.<\/p>\n<\/div>\n<\/div>\n<\/div>","protected":false},"excerpt":{"rendered":"<div class=\"elementor-element elementor-element-2e7fec5 e-con-full e-flex e-con e-child\" data-id=\"2e7fec5\" data-element_type=\"container\" data-settings=\"{&quot;background_background&quot;:&quot;classic&quot;}\">\n<div class=\"elementor-element elementor-element-95d6752 elementor-widget elementor-widget-text-editor\" data-id=\"95d6752\" data-element_type=\"widget\" data-widget_type=\"text-editor.default\">\n<div class=\"elementor-widget-container\">\n<p>Ni\u00f1os desde <strong>4 <\/strong>a<strong> 12<\/strong> a\u00f1os de edad<\/p>\n<\/div>\n<\/div>\n<\/div>","protected":false},"featured_media":1176,"template":"","meta":[],"product_brand":[],"product_cat":[19],"product_tag":[],"class_list":{"0":"post-1086","1":"product","2":"type-product","3":"status-publish","4":"has-post-thumbnail","6":"product_cat-entradas","8":"first","9":"instock","10":"virtual","11":"taxable","12":"purchasable","13":"product-type-simple"},"_links":{"self":[{"href":"https:\/\/mazelandbenidorm.es\/en\/wp-json\/wp\/v2\/product\/1086","targetHints":{"allow":["GET"]}}],"collection":[{"href":"https:\/\/mazelandbenidorm.es\/en\/wp-json\/wp\/v2\/product"}],"about":[{"href":"https:\/\/mazelandbenidorm.es\/en\/wp-json\/wp\/v2\/types\/product"}],"wp:featuredmedia":[{"embeddable":true,"href":"https:\/\/mazelandbenidorm.es\/en\/wp-json\/wp\/v2\/media\/1176"}],"wp:attachment":[{"href":"https:\/\/mazelandbenidorm.es\/en\/wp-json\/wp\/v2\/media?parent=1086"}],"wp:term":[{"taxonomy":"product_brand","embeddable":true,"href":"https:\/\/mazelandbenidorm.es\/en\/wp-json\/wp\/v2\/product_brand?post=1086"},{"taxonomy":"product_cat","embeddable":true,"href":"https:\/\/mazelandbenidorm.es\/en\/wp-json\/wp\/v2\/product_cat?post=1086"},{"taxonomy":"product_tag","embeddable":true,"href":"https:\/\/mazelandbenidorm.es\/en\/wp-json\/wp\/v2\/product_tag?post=1086"}],"curies":[{"name":"wp","href":"https:\/\/api.w.org\/{rel}","templated":true}]}}